{"id":2020,"date":"2024-08-08T14:05:24","date_gmt":"2024-08-08T14:05:24","guid":{"rendered":"https:\/\/softlabperu.com\/?page_id=2020"},"modified":"2024-12-04T16:20:13","modified_gmt":"2024-12-04T16:20:13","slug":"politica-de-sistema-de-gestion-de-calidad","status":"publish","type":"page","link":"https:\/\/softlabperu.com\/es\/politica-de-sistema-de-gestion-de-calidad\/","title":{"rendered":"Pol\u00edtica de Sistema de Gesti\u00f3n de Calidad"},"content":{"rendered":"\t\t<div data-elementor-type=\"wp-page\" data-elementor-id=\"2020\" class=\"elementor elementor-2020\" data-elementor-post-type=\"page\">\n\t\t\t\t<div class=\"elementor-element elementor-element-1fbf3774 e-flex e-con-boxed e-con e-parent\" data-id=\"1fbf3774\" data-element_type=\"container\" data-settings=\"{&quot;background_background&quot;:&quot;classic&quot;}\">\n\t\t\t\t\t<div class=\"e-con-inner\">\n\t\t\t\t\t<\/div>\n\t\t\t\t<\/div>\n\t\t<div class=\"elementor-element elementor-element-ab9b37d e-flex e-con-boxed e-con e-parent\" data-id=\"ab9b37d\" data-element_type=\"container\">\n\t\t\t\t\t<div class=\"e-con-inner\">\n\t\t\t\t<div class=\"elementor-element elementor-element-3516b520 elementor-widget__width-inherit elementor-widget elementor-widget-heading\" data-id=\"3516b520\" data-element_type=\"widget\" data-widget_type=\"heading.default\">\n\t\t\t\t<div class=\"elementor-widget-container\">\n\t\t\t\t\t<h1 class=\"elementor-heading-title elementor-size-default\">Pol\u00edtica Sistema De Gesti\u00f3n De Calidad<\/h1>\t\t\t\t<\/div>\n\t\t\t\t<\/div>\n\t\t\t\t<div class=\"elementor-element elementor-element-62ba1b7c elementor-widget__width-initial elementor-widget elementor-widget-text-editor\" data-id=\"62ba1b7c\" data-element_type=\"widget\" data-widget_type=\"text-editor.default\">\n\t\t\t\t<div class=\"elementor-widget-container\">\n\t\t\t\t\t\t\t\t\t<p><strong>SOFTLAB PERU S.A.C.<\/strong>, empresa peruana especializada en servicios y desarrollo software, nos destacamos en la creaci\u00f3n, implementaci\u00f3n y mantenimiento de procesos de software que evolucionan con el tiempo sin perder flexibilidad ni funcionalidad.<\/p><p>Somos conscientes de las nuevas tecnolog\u00eda y tendencias de software tanto a nivel nacional comointernacional, lo que nos permite ofrecer asesor\u00eda experta. Nuestra pol\u00edtica tiene los siguientes compromisos:<\/p><p>1. Satisfacer las necesidades de nuestros clientes a trav\u00e9s del cumplimiento de sus requisitos.<\/p><p>2. Contar con personal comprometido, capacitado y competente en la realizaci\u00f3n de nuestro servicio.<\/p><p>3. Compromiso con la mejora de la eficacia del sistema de gesti\u00f3n de la calidad.<\/p><p>4. Cumplir con los requisitos legales, normativos y reglamentarios que corresponda a nuestra actividad.<\/p><p>5. Compromiso con la mejora continua de todos los procesos relacionados con nuestros servicios ofrecidos.<\/p>\t\t\t\t\t\t\t\t<\/div>\n\t\t\t\t<\/div>\n\t\t\t\t\t<\/div>\n\t\t\t\t<\/div>\n\t\t\t\t<\/div>\n\t\t","protected":false},"excerpt":{"rendered":"<p>Pol\u00edtica Sistema De Gesti\u00f3n De Calidad SOFTLAB PERU S.A.C., empresa peruana especializada en servicios y desarrollo software, nos destacamos en la creaci\u00f3n, implementaci\u00f3n y mantenimiento de procesos de software que evolucionan con el tiempo sin perder flexibilidad ni funcionalidad. Somos conscientes de las nuevas tecnolog\u00eda y tendencias de software tanto a nivel nacional comointernacional, lo [&hellip;]<\/p>\n","protected":false},"author":1,"featured_media":0,"parent":0,"menu_order":0,"comment_status":"closed","ping_status":"closed","template":"elementor_header_footer","meta":{"footnotes":""},"class_list":["post-2020","page","type-page","status-publish","hentry"],"_links":{"self":[{"href":"https:\/\/softlabperu.com\/es\/wp-json\/wp\/v2\/pages\/2020","targetHints":{"allow":["GET"]}}],"collection":[{"href":"https:\/\/softlabperu.com\/es\/wp-json\/wp\/v2\/pages"}],"about":[{"href":"https:\/\/softlabperu.com\/es\/wp-json\/wp\/v2\/types\/page"}],"author":[{"embeddable":true,"href":"https:\/\/softlabperu.com\/es\/wp-json\/wp\/v2\/users\/1"}],"replies":[{"embeddable":true,"href":"https:\/\/softlabperu.com\/es\/wp-json\/wp\/v2\/comments?post=2020"}],"version-history":[{"count":16,"href":"https:\/\/softlabperu.com\/es\/wp-json\/wp\/v2\/pages\/2020\/revisions"}],"predecessor-version":[{"id":2087,"href":"https:\/\/softlabperu.com\/es\/wp-json\/wp\/v2\/pages\/2020\/revisions\/2087"}],"wp:attachment":[{"href":"https:\/\/softlabperu.com\/es\/wp-json\/wp\/v2\/media?parent=2020"}],"curies":[{"name":"wp","href":"https:\/\/api.w.org\/{rel}","templated":true}]}}