{"id":1979,"date":"2024-06-14T12:22:47","date_gmt":"2024-06-14T12:22:47","guid":{"rendered":"https:\/\/softlabperu.com\/?page_id=1979"},"modified":"2024-12-04T16:20:03","modified_gmt":"2024-12-04T16:20:03","slug":"politicas-de-seguridad","status":"publish","type":"page","link":"https:\/\/softlabperu.com\/es\/politicas-de-seguridad\/","title":{"rendered":"Pol\u00edticas de Seguridad"},"content":{"rendered":"\t\t<div data-elementor-type=\"wp-page\" data-elementor-id=\"1979\" class=\"elementor elementor-1979\" data-elementor-post-type=\"page\">\n\t\t\t\t<div class=\"elementor-element elementor-element-8749dd2 e-flex e-con-boxed e-con e-parent\" data-id=\"8749dd2\" data-element_type=\"container\" data-settings=\"{&quot;background_background&quot;:&quot;classic&quot;}\">\n\t\t\t\t\t<div class=\"e-con-inner\">\n\t\t\t\t\t<\/div>\n\t\t\t\t<\/div>\n\t\t<div class=\"elementor-element elementor-element-ed7b650 e-flex e-con-boxed e-con e-parent\" data-id=\"ed7b650\" data-element_type=\"container\">\n\t\t\t\t\t<div class=\"e-con-inner\">\n\t\t\t\t<div class=\"elementor-element elementor-element-728d46e elementor-widget__width-inherit elementor-widget elementor-widget-heading\" data-id=\"728d46e\" data-element_type=\"widget\" data-widget_type=\"heading.default\">\n\t\t\t\t<div class=\"elementor-widget-container\">\n\t\t\t\t\t<h1 class=\"elementor-heading-title elementor-size-default\">Pol\u00edticas de Seguridad\n<\/h1>\t\t\t\t<\/div>\n\t\t\t\t<\/div>\n\t\t\t\t<div class=\"elementor-element elementor-element-1c45290 elementor-widget__width-initial elementor-widget elementor-widget-text-editor\" data-id=\"1c45290\" data-element_type=\"widget\" data-widget_type=\"text-editor.default\">\n\t\t\t\t<div class=\"elementor-widget-container\">\n\t\t\t\t\t\t\t\t\t<p>Nosotros nos comprometemos en promover el uso responsable de la IA, la seguridad, la privacidad de los datos y la \u00e9tica en la gesti\u00f3n de la informaci\u00f3n de todos nuestros accionistas, clientes, proveedores, empleados, sociedad, entre otros.<\/p><p>1. La confidencialidad en relaci\u00f3n con los clientes es un valor fundamental en Softlab. Los colaboradores deben respetar y salvaguardar la informaci\u00f3n confidencial de los clientes, evitando cualquier divulgaci\u00f3n no autorizada o uso indebido de la misma.<\/p><p>2. Los colaboradores de Softlab no pueden establecer relaciones comerciales o laborales con ninguna empresa cliente de la organizaci\u00f3n sin la debida autorizaci\u00f3n de la direcci\u00f3n. En caso de cese de la relaci\u00f3n laboral con Softlab, se establece un per\u00edodo de dos a\u00f1os antes de poder establecer una nueva relaci\u00f3n con un cliente de la empresa.<\/p><p>3. Softlab protege y respeta los derechos de propiedad intelectual tanto propios como de sus clientes. Los colaboradores est\u00e1n obligados a salvaguardar y no divulgar informaci\u00f3n de propiedad intelectual sin la debida autorizaci\u00f3n.<\/p><p>4. Al finalizar la relaci\u00f3n laboral con Softlab, los colaboradores est\u00e1n obligados a devolver toda la informaci\u00f3n intelectual y material que est\u00e9 en su poder, garantizando la protecci\u00f3n de los activos de la empresa.<\/p><p>5. Softlab rechaza de manera categ\u00f3rica cualquier forma de lavado de activos y se proh\u00edbe recibir o aceptar promesas de pago provenientes de dinero il\u00edcito. En caso de detectar actos de esta naturaleza, la empresa tomar\u00e1 las medidas legales correspondientes y aplicar\u00e1 las sanciones disciplinarias pertinentes.<\/p><p>6. Softlab tiene la facultad de sancionar a cualquier persona involucrada en actos de corrupci\u00f3n, ya sean gerentes, directivos o colaboradores. Se designar\u00e1 a una persona responsable.<\/p><p>7. Los colaboradores de la empresa deben respetar as\u00ed como salvaguardar la informaci\u00f3n confidencial de los clientes, evitando cualquier divulgaci\u00f3n no autorizada o uso indebido de la misma.<\/p>\t\t\t\t\t\t\t\t<\/div>\n\t\t\t\t<\/div>\n\t\t\t\t\t<\/div>\n\t\t\t\t<\/div>\n\t\t\t\t<\/div>\n\t\t","protected":false},"excerpt":{"rendered":"<p>Pol\u00edticas de Seguridad Nosotros nos comprometemos en promover el uso responsable de la IA, la seguridad, la privacidad de los datos y la \u00e9tica en la gesti\u00f3n de la informaci\u00f3n de todos nuestros accionistas, clientes, proveedores, empleados, sociedad, entre otros. 1. La confidencialidad en relaci\u00f3n con los clientes es un valor fundamental en Softlab. Los [&hellip;]<\/p>\n","protected":false},"author":1,"featured_media":0,"parent":0,"menu_order":0,"comment_status":"closed","ping_status":"closed","template":"elementor_header_footer","meta":{"footnotes":""},"class_list":["post-1979","page","type-page","status-publish","hentry"],"_links":{"self":[{"href":"https:\/\/softlabperu.com\/es\/wp-json\/wp\/v2\/pages\/1979","targetHints":{"allow":["GET"]}}],"collection":[{"href":"https:\/\/softlabperu.com\/es\/wp-json\/wp\/v2\/pages"}],"about":[{"href":"https:\/\/softlabperu.com\/es\/wp-json\/wp\/v2\/types\/page"}],"author":[{"embeddable":true,"href":"https:\/\/softlabperu.com\/es\/wp-json\/wp\/v2\/users\/1"}],"replies":[{"embeddable":true,"href":"https:\/\/softlabperu.com\/es\/wp-json\/wp\/v2\/comments?post=1979"}],"version-history":[{"count":13,"href":"https:\/\/softlabperu.com\/es\/wp-json\/wp\/v2\/pages\/1979\/revisions"}],"predecessor-version":[{"id":2084,"href":"https:\/\/softlabperu.com\/es\/wp-json\/wp\/v2\/pages\/1979\/revisions\/2084"}],"wp:attachment":[{"href":"https:\/\/softlabperu.com\/es\/wp-json\/wp\/v2\/media?parent=1979"}],"curies":[{"name":"wp","href":"https:\/\/api.w.org\/{rel}","templated":true}]}}