{"id":1979,"date":"2024-06-14T12:22:47","date_gmt":"2024-06-14T12:22:47","guid":{"rendered":"https:\/\/softlabperu.com\/?page_id=1979"},"modified":"2024-12-04T16:20:03","modified_gmt":"2024-12-04T16:20:03","slug":"politicas-de-seguridad","status":"publish","type":"page","link":"https:\/\/softlabperu.com\/en\/politicas-de-seguridad\/","title":{"rendered":"Security policies"},"content":{"rendered":"<div data-elementor-type=\"wp-page\" data-elementor-id=\"1979\" class=\"elementor elementor-1979\" data-elementor-post-type=\"page\">\n\t\t\t\t<div class=\"elementor-element elementor-element-8749dd2 e-flex e-con-boxed e-con e-parent\" data-id=\"8749dd2\" data-element_type=\"container\" data-settings=\"{&quot;background_background&quot;:&quot;classic&quot;}\">\n\t\t\t\t\t<div class=\"e-con-inner\">\n\t\t\t\t\t<\/div>\n\t\t\t\t<\/div>\n\t\t<div class=\"elementor-element elementor-element-ed7b650 e-flex e-con-boxed e-con e-parent\" data-id=\"ed7b650\" data-element_type=\"container\">\n\t\t\t\t\t<div class=\"e-con-inner\">\n\t\t\t\t<div class=\"elementor-element elementor-element-728d46e elementor-widget__width-inherit elementor-widget elementor-widget-heading\" data-id=\"728d46e\" data-element_type=\"widget\" data-widget_type=\"heading.default\">\n\t\t\t\t<div class=\"elementor-widget-container\">\n\t\t\t\t\t<h1 class=\"elementor-heading-title elementor-size-default\">Security policies\n<\/h1>\t\t\t\t<\/div>\n\t\t\t\t<\/div>\n\t\t\t\t<div class=\"elementor-element elementor-element-1c45290 elementor-widget__width-initial elementor-widget elementor-widget-text-editor\" data-id=\"1c45290\" data-element_type=\"widget\" data-widget_type=\"text-editor.default\">\n\t\t\t\t<div class=\"elementor-widget-container\">\n\t\t\t\t\t\t\t\t\t<p>We are committed in promoting the responsible use of AI, security, data privacy and ethics in the management of the information of all our shareholders, customers, suppliers, employees, society, among others.<\/p><p>1. Confidentiality in relation with the customers is a core value at Softlab. Employees must respect and safeguard the confidential information of the clients, avoiding any unauthorized disclosure or misuse of the same.<\/p><p>2. The co-workers of Softlab can&#039;t establish trade relations or employment with any company client of the organization without the proper authorization of the address. In case of termination of the employment relationship with Softlab, is set for a period of two years before being able to establish a new relationship with a client of the company.<\/p><p>3. Softlab protects and respects the intellectual property rights of both their own and their clients. Employees are required to safeguard and not disclose proprietary information without proper authorization.<\/p><p>4. At the end of the employment relationship with Softlab, employees are required to return all the information and intellectual material that is in its power, while ensuring the protection of the assets of the company.<\/p><p>5. Softlab categorically rejects any form of laundering, and it is prohibited to receive or accept promises of payment from proceeds of the illicit money. In case of detecting acts of this nature, the company will take appropriate legal action and apply disciplinary sanctions relevant.<\/p><p>6. Softlab has the power to punish any person who is involved in acts of corruption, whether they are managers, directors or employees. To designate a responsible person.<\/p><p>7. The employees of the company must respect and protect the confidential information of the clients, avoiding any unauthorized disclosure or misuse of the same.<\/p>\t\t\t\t\t\t\t\t<\/div>\n\t\t\t\t<\/div>\n\t\t\t\t\t<\/div>\n\t\t\t\t<\/div>\n\t\t\t\t<\/div>","protected":false},"excerpt":{"rendered":"<p>Pol\u00edticas de Seguridad Nosotros nos comprometemos en promover el uso responsable de la IA, la seguridad, la privacidad de los datos y la \u00e9tica en la gesti\u00f3n de la informaci\u00f3n de todos nuestros accionistas, clientes, proveedores, empleados, sociedad, entre otros. 1. La confidencialidad en relaci\u00f3n con los clientes es un valor fundamental en Softlab. Los [&hellip;]<\/p>","protected":false},"author":1,"featured_media":0,"parent":0,"menu_order":0,"comment_status":"closed","ping_status":"closed","template":"elementor_header_footer","meta":{"footnotes":""},"class_list":["post-1979","page","type-page","status-publish","hentry"],"_links":{"self":[{"href":"https:\/\/softlabperu.com\/en\/wp-json\/wp\/v2\/pages\/1979","targetHints":{"allow":["GET"]}}],"collection":[{"href":"https:\/\/softlabperu.com\/en\/wp-json\/wp\/v2\/pages"}],"about":[{"href":"https:\/\/softlabperu.com\/en\/wp-json\/wp\/v2\/types\/page"}],"author":[{"embeddable":true,"href":"https:\/\/softlabperu.com\/en\/wp-json\/wp\/v2\/users\/1"}],"replies":[{"embeddable":true,"href":"https:\/\/softlabperu.com\/en\/wp-json\/wp\/v2\/comments?post=1979"}],"version-history":[{"count":13,"href":"https:\/\/softlabperu.com\/en\/wp-json\/wp\/v2\/pages\/1979\/revisions"}],"predecessor-version":[{"id":2084,"href":"https:\/\/softlabperu.com\/en\/wp-json\/wp\/v2\/pages\/1979\/revisions\/2084"}],"wp:attachment":[{"href":"https:\/\/softlabperu.com\/en\/wp-json\/wp\/v2\/media?parent=1979"}],"curies":[{"name":"wp","href":"https:\/\/api.w.org\/{rel}","templated":true}]}}